{"id":430,"date":"2011-10-25T18:01:08","date_gmt":"2011-10-25T18:01:08","guid":{"rendered":"http:\/\/www.pitztal-wildface.com\/?page_id=430"},"modified":"2024-01-09T10:29:56","modified_gmt":"2024-01-09T10:29:56","slug":"rennmodus","status":"publish","type":"page","link":"https:\/\/www.pitztal-wildface.com\/?page_id=430","title":{"rendered":"Rennmodus"},"content":{"rendered":"<div class=\"wpb-content-wrapper\"><p>[vc_row css=&#8220;.vc_custom_1532426882261{padding-bottom: 8rem !important;}&#8220;][vc_column][vc_column_text]<span style=\"font-size: medium;\"><strong>Ein au\u00dfergew\u00f6hnliches Freeride-Eventformat<\/strong><\/span><\/p>\n<p>Das Pitztal Wild Face ist ein 2-Stern-Qualifier Event der Freeride World Tour, bildet darin auf Grund seines au\u00dfergew\u00f6hnlichen Formates aber eine Ausnahme. Je nach Kategorie und Platzierung k\u00f6nnen die Ski und Snowboard Herren sowie die Ski und Snowboard Damen \u00a0Punkte f\u00fcr die Freeride World Qualifier Serie sammeln, die sie zum einen brauchen, um bei Qualifier Bewerben einer h\u00f6heren Sternekategorie einen Startplatz zu bekommen und zum anderen, um als beste Skifahrer oder Snowboarder der Qualifier Serie eines Winters im darauffolgenden Jahr in der Freeride World Tour mitfahren zu k\u00f6nnen. Mit seinem au\u00dfergew\u00f6hnlichen Rennformat ist das Pitztal Wild Face einmalig in der Riege der Freeride World Qualifier Events. Es wird nur auf Zeit gefahren und nicht wie sonst \u00fcblich die Platzierungen \u00fcber Punktevergabe von Wertungsrichtern ermittelt.<\/p>\n<p>&nbsp;<\/p>\n<p style=\"text-align: center;\"><a href=\"http:\/\/www.pitztal-wildface.com\/wp-content\/uploads\/HUG_1629-rider-tobias-heinle.jpg\"><img loading=\"lazy\" decoding=\"async\" class=\"aligncenter wp-image-3043 size-full\" src=\"https:\/\/www.pitztal-wildface.com\/wp-content\/uploads\/HUG_1629-rider-tobias-heinle.jpg\" alt=\"\" width=\"1400\" height=\"934\" srcset=\"https:\/\/www.pitztal-wildface.com\/wp-content\/uploads\/HUG_1629-rider-tobias-heinle.jpg 1400w, https:\/\/www.pitztal-wildface.com\/wp-content\/uploads\/HUG_1629-rider-tobias-heinle-600x400.jpg 600w, https:\/\/www.pitztal-wildface.com\/wp-content\/uploads\/HUG_1629-rider-tobias-heinle-300x200.jpg 300w, https:\/\/www.pitztal-wildface.com\/wp-content\/uploads\/HUG_1629-rider-tobias-heinle-768x512.jpg 768w, https:\/\/www.pitztal-wildface.com\/wp-content\/uploads\/HUG_1629-rider-tobias-heinle-1024x683.jpg 1024w, https:\/\/www.pitztal-wildface.com\/wp-content\/uploads\/HUG_1629-rider-tobias-heinle-680x454.jpg 680w\" sizes=\"auto, (max-width: 1400px) 100vw, 1400px\" \/><\/a><\/p>\n<p><img loading=\"lazy\" decoding=\"async\" class=\"aligncenter size-full wp-image-4355\" src=\"https:\/\/www.pitztal-wildface.com\/wp-content\/uploads\/Logo-FWT-Qualifier_Vertical_colorblack.jpg\" alt=\"\" width=\"900\" height=\"443\" srcset=\"https:\/\/www.pitztal-wildface.com\/wp-content\/uploads\/Logo-FWT-Qualifier_Vertical_colorblack.jpg 900w, https:\/\/www.pitztal-wildface.com\/wp-content\/uploads\/Logo-FWT-Qualifier_Vertical_colorblack-300x148.jpg 300w, https:\/\/www.pitztal-wildface.com\/wp-content\/uploads\/Logo-FWT-Qualifier_Vertical_colorblack-768x378.jpg 768w, https:\/\/www.pitztal-wildface.com\/wp-content\/uploads\/Logo-FWT-Qualifier_Vertical_colorblack-750x369.jpg 750w\" sizes=\"auto, (max-width: 900px) 100vw, 900px\" \/>[\/vc_column_text][\/vc_column][\/vc_row]<\/p>\n<\/div>","protected":false},"excerpt":{"rendered":"<p>[vc_row css=&#8220;.vc_custom_1532426882261{padding-bottom: 8rem !important;}&#8220;][vc_column][vc_column_text]Ein au\u00dfergew\u00f6hnliches Freeride-Eventformat Das Pitztal Wild Face ist ein 2-Stern-Qualifier Event der Freeride World Tour, bildet darin auf Grund seines au\u00dfergew\u00f6hnlichen Formates aber eine Ausnahme. Je nach Kategorie und Platzierung k\u00f6nnen&hellip;<\/p>\n","protected":false},"author":1,"featured_media":0,"parent":813,"menu_order":1,"comment_status":"closed","ping_status":"closed","template":"","meta":{"footnotes":""},"class_list":["post-430","page","type-page","status-publish","hentry"],"_links":{"self":[{"href":"https:\/\/www.pitztal-wildface.com\/index.php?rest_route=\/wp\/v2\/pages\/430","targetHints":{"allow":["GET"]}}],"collection":[{"href":"https:\/\/www.pitztal-wildface.com\/index.php?rest_route=\/wp\/v2\/pages"}],"about":[{"href":"https:\/\/www.pitztal-wildface.com\/index.php?rest_route=\/wp\/v2\/types\/page"}],"author":[{"embeddable":true,"href":"https:\/\/www.pitztal-wildface.com\/index.php?rest_route=\/wp\/v2\/users\/1"}],"replies":[{"embeddable":true,"href":"https:\/\/www.pitztal-wildface.com\/index.php?rest_route=%2Fwp%2Fv2%2Fcomments&post=430"}],"version-history":[{"count":54,"href":"https:\/\/www.pitztal-wildface.com\/index.php?rest_route=\/wp\/v2\/pages\/430\/revisions"}],"predecessor-version":[{"id":3044,"href":"https:\/\/www.pitztal-wildface.com\/index.php?rest_route=\/wp\/v2\/pages\/430\/revisions\/3044"}],"up":[{"embeddable":true,"href":"https:\/\/www.pitztal-wildface.com\/index.php?rest_route=\/wp\/v2\/pages\/813"}],"wp:attachment":[{"href":"https:\/\/www.pitztal-wildface.com\/index.php?rest_route=%2Fwp%2Fv2%2Fmedia&parent=430"}],"curies":[{"name":"wp","href":"https:\/\/api.w.org\/{rel}","templated":true}]}}