{"id":3275,"date":"2018-05-04T09:15:12","date_gmt":"2018-05-04T09:15:12","guid":{"rendered":"http:\/\/www.pitztal-wildface.com\/?page_id=3275"},"modified":"2018-11-28T11:37:48","modified_gmt":"2018-11-28T11:37:48","slug":"datenschutzerklaerung","status":"publish","type":"page","link":"https:\/\/www.pitztal-wildface.com\/?page_id=3275","title":{"rendered":"Datenschutzerklaerung"},"content":{"rendered":"<h2>Datenschutzerklaerung fuer Dienste des Tourismusverbands Pitztal<\/h2>\n<p>Der Tourismusverband Pitztal betreibt mehrere \u00fcber das Internet erreichbare Dienste (im Folgenden TVB Pitztal Dienste) wie zum Beispiel pitztal.com (<a href=\"https:\/\/www.pitztal.com\">www.pitztal.com<\/a>), Pitztal Blog (<a href=\"https:\/\/blog.pitztal.com\" target=\"_blank\" rel=\"noopener\">https:\/\/blog.pitztal.com<\/a>), Pitz Alpine Glacier Trail (<a href=\"https:\/\/www.pitz-alpine.at\" target=\"_blank\" rel=\"noopener\">www.pitz-alpine.at<\/a>), Gletschermarathon (<a href=\"https:\/\/www.gletschermarathon.at\" target=\"_blank\" rel=\"noopener\">www.gletschermarathon.at<\/a>) und Pitztal Wild Face (<a href=\"http:\/\/www.pitztal-wildface.com\" target=\"_blank\" rel=\"noopener\">www.pitztal-wildface.com<\/a>). Der Tourismusverband Pitztal m\u00f6chte Ihnen mit dieser Datenschutzerkl\u00e4rung erl\u00e4utern, welche personenbezogenen Daten zu welchem Zweck und in welcher Form f\u00fcr TVB Pitztal Dienste verarbeitet werden.<\/p>\n<h2>1. Allgemeines<\/h2>\n<p>Wir nehmen den Schutz Ihrer pers\u00f6nlichen Daten sehr ernst. Personenbezogene Daten (insbesondere Name, Anschrift und E-Mail-Adresse) werden von uns nur gem\u00e4\u00df den Bestimmungen des \u00f6sterreichischen Datenschutzrechts verarbeitet. Die Nutzung unserer TVB Pitztal Dienste ist in der Regel ohne Angabe personenbezogener Daten m\u00f6glich. Soweit auf unseren Seiten personenbezogene Daten erhoben werden, erfolgt dies, soweit m\u00f6glich, stets auf freiwilliger Basis. Diese Daten werden ohne Ihre ausdr\u00fcckliche Zustimmung nicht an Dritte weitergegeben. Wir weisen darauf hin, dass die Daten\u00fcbertragung im Internet (z.B. bei der Kommunikation per E-Mail) Sicherheitsl\u00fccken aufweisen kann. Ein l\u00fcckenloser Schutz der Daten vor dem Zugriff durch Dritte ist nicht m\u00f6glich.<\/p>\n<p>Die nachfolgenden Punkte informieren \u00fcber Art, Umfang und Zweck der Erhebung, Verarbeitung und Nutzung personenbezogener Daten.<\/p>\n<h2>2. Automatische Datenerfassung<\/h2>\n<p>Aus technischen Gr\u00fcnden werden u.a. folgende Nutzungsdaten, die der Internet-Browser eines Users an TVB Pitztal Dienste \u00fcbermittelt, erfasst:<\/p>\n<ul>\n<li>Browsertyp und \u2013version;<\/li>\n<li>verwendetes Betriebssystem;<\/li>\n<li>Website, von der aus der User TVB Pitztal Dienste besucht (Referrer URL);<\/li>\n<li>Website, die der User besucht;<\/li>\n<li>Datum und Uhrzeit des Zugriffs;<\/li>\n<li>Internet Protokoll (IP)-Adresse des Rechners des Users.<\/li>\n<\/ul>\n<p>Diese Daten werden getrennt von eventuell bekannt gegebenen Daten gespeichert und zu statistischen Zwecken ausgewertet, um den Internetauftritt und die Angebote optimieren zu k\u00f6nnen (siehe dazu auch Punkt 7. dieser Datenschutzerkl\u00e4rung).<\/p>\n<h2>3. Datenverwendung<\/h2>\n<p>Die von Ihnen angegebenen personenbezogenen Daten (etwa Name, Anschrift und E-Mail-Adresse) werden von Tourismusverband Pitztal wie folgt verwendet:<\/p>\n<ul>\n<li>F\u00fcr die Buchung einer Unterkunft, einer Pauschale, eines Erlebnisangebots, eines Gutscheins oder die Erstellung einer unverbindlichen Unterkunftsanfrage auf TVB Pitztal Diensten ist die Angabe Ihrer Kontaktdaten erforderlich. Sie haben dabei nur die rot markierten Felder (Name, Anschrift und\u00a0E-Mail-Adresse, sowie Name und Geburtsdatum der Reiseteilnehmer) anzugeben, sowie Daten betreffend die Anfrage (z.B. Aufenthaltszeitraum). Dar\u00fcber hinausgehende Angaben (etwa Telefon- oder Telefaxnummer) sind nicht zwingend erforderlich.<\/li>\n<li>F\u00fcr die Kontaktaufnahme \u00fcber ein Kontaktformular oder die Erstellung einer Gruppenanfrage auf TVB Pitztal Diensten ist die Angabe Ihrer Kontaktdaten erforderlich. Sie haben dabei nur die rot markierten Felder (Name, Anschrift, E-Mail-Adresse und Telefonnummer) anzugeben, sowie Daten betreffend die Anfrage (z.B. Aufenthaltszeitraum). Dar\u00fcber hinausgehende Angaben (etwa Telefaxnummer) sind nicht zwingend erforderlich.<\/li>\n<li>F\u00fcr die Erstellung\/ Buchung einer Keycard (Bergbahnticket) auf TVB Pitztal Diensten ist die Angabe Ihrer pers\u00f6nlichen Daten erforderlich. Sie haben dabei nur die rot markierten Felder (Name, Anschrift, Geschlecht, Geburtsdatum und E-Mail-Adresse) anzugeben, sowie Daten betreffend die Anfrage (z.B. G\u00fcltigkeitszeitraum). Dar\u00fcber hinausgehende Angaben (etwa Firma) sind nicht zwingend erforderlich.<\/li>\n<li>F\u00fcr die Bestellung von Prospektmaterial und Shop Artikeln auf TVB Pitztal Diensten ist die Angabe Ihrer Kontaktdaten erforderlich. Sie haben dabei nur die rot markierten Felder (Name, Anschrift und E-Mail-Adresse) anzugeben.<\/li>\n<li>Sie haben die M\u00f6glichkeit, einen Newsletter auf den TVB Pitztal Diensten zu abonnieren. Zus\u00e4tzlich zur verpflichtenden Angabe von der E-Mail-Adresse k\u00f6nnen Sie optional auch Ihren Namen angeben. Wenn Sie den Newsletter nicht mehr l\u00e4nger erhalten wollen, k\u00f6nnen Sie ihn mit der Abmeldem\u00f6glichkeit, die in allen Newslettern angef\u00fchrt wird, abbestellen. Die im Zuge der Newsletter-Abonnierung bekannt gegebenen Daten werden in diesem Fall gel\u00f6scht.<\/li>\n<\/ul>\n<p>Die von Ihnen bekanntgegebenen personenbezogenen Daten werden vom Betreiber nur insoweit verarbeitet und genutzt, als sie f\u00fcr die Bearbeitung der Anfrage und\/oder die Erbringung der angeforderten Leistung erforderlich sind.<\/p>\n<p>Im Zuge dieser Datenverarbeitung leitet der Betreiber die erhobenen personenbezogenen Daten an folgende Dritte weiter:<\/p>\n<ul>\n<li>Google, betrieben von Google Inc., 1600 Amphitheatre Parkway, Mountain View, CA 94043, USA<\/li>\n<li>Newsletter2Go, betrieben von Newsletter2Go GmbH, N\u00fcrnberger Stra\u00dfe 8, 10787 Berlin, Deutschland<\/li>\n<li>TOMAS\u00ae (Touristic Online Management System), betrieben von my.IRS GmbH,\u00a0 Dornierstra\u00dfe 4, 82178 Puchheim, Deutschland<\/li>\n<li>TCRM ebook ITSystem, betrieben von fre.iburg it systems,\u00a0Engelbergerstra\u00dfe 19, 79106 Freiburg,\u00a0 Deutschland<\/li>\n<li>Starjack, betrieben von SJack GmbH, Am B\u00fchel 6, 6830 Rankweil, \u00d6sterreich<\/li>\n<li>INCERT eTourismus, betrieben von INCERT eTourismus GmbH &amp; Co KG, B\u00fcro Lederfabrik Linz, Eingang Ost, Leonfeldnerstra\u00dfe 328, 4040 Linz, \u00d6sterreich<\/li>\n<li>Hochzeiger, betrieben von Hochzeiger Bergbahnen Pitztal AG, Liss 270, 6474 Jerzens, \u00d6sterreich<\/li>\n<li>Pitztaler Gletscher &amp; Rifflsee, betrieben von Pitztaler Gletscherbahn GmbH &amp; CoKG, Mittelberg, \u00a06481 St. Leonhard im Pitztal, \u00d6sterreich<\/li>\n<li>Naturpark Kaunergrat, Pitztal-Flie\u00df-Kaunertal, 6521 Flie\u00df, Gachenblick 100, \u00d6sterreich<\/li>\n<li>Holiday Reisen, Liss 233, \u00a06474 Jerzens, \u00d6sterreich<\/li>\n<li>Taxi Kirschner, Pi\u00f6smes 143, 6481 St. Leonhard Pitztal, \u00d6sterreich<\/li>\n<li>Mitgliedsbetriebe des Tourismusverbands Pitztal<\/li>\n<\/ul>\n<h2>4. Cookies<\/h2>\n<p>Wir verwenden teilweise sogenannte \u201eCookies\u201c. Cookies richten auf Ihrem Rechner keinen Schaden an und enthalten keine Viren. Cookies dienen dazu, unser Angebot nutzenfreundlicher, effektiver und sicherer zu machen. Cookies sind kleine Textdateien, die auf Ihrem Rechner abgelegt werden und die Ihr Browser speichert. Die meisten der von uns verwendeten Cookies sind so genannte \u201eSession-Cookies\u201c. Sie werden nach Ende Ihres Besuchs automatisch gel\u00f6scht. Andere Cookies bleiben auf Ihrem Endger\u00e4t gespeichert, bis Sie diese l\u00f6schen. Diese Cookies erm\u00f6glichen es uns, Ihren Browser beim n\u00e4chsten Besuch wiederzuerkennen.<\/p>\n<p>Sie k\u00f6nnen Ihren Browser so einstellen, dass Sie \u00fcber das Setzen von Cookies informiert werden und Cookies nur im Einzelfall erlauben, die Annahme von Cookies f\u00fcr bestimmte F\u00e4lle oder generell ausschlie\u00dfen sowie das automatische L\u00f6schen der Cookies beim Schlie\u00dfen des Browsers aktivieren. Bei der Deaktivierung von Cookies kann die Funktionalit\u00e4t der TVB Pitztal Dienste eingeschr\u00e4nkt sein.<\/p>\n<p>Damit ist es uns m\u00f6glich, die mehrfache Nutzung des TVB Pitztal Dienste-Angebots durch denselben User zu erkennen.<\/p>\n<h2>5. Registrierung<\/h2>\n<p>Eine Registrierung ist f\u00fcr die Nutzung der TVB Pitztal Dienste grunds\u00e4tzlich nicht erforderlich. Nach Ihrer Registrierung auf TVB Pitztal Diensten erhalten Sie jedoch zus\u00e4tzlich Zugang zu starjack (SJack GmbH).<\/p>\n<p>Durch die Registrierung erteilten Sie gem\u00e4\u00df Art 6 Abs 1 lit a DSGVO Ihre schl\u00fcssige Einwilligung, dass Ihre eingegebenen personenbezogenen Daten, (Name, Anschrift, Geschlecht, Geburtsdatum und E-Mail-Adresse) vom Betreiber gespeichert und f\u00fcr die Zurverf\u00fcgungstellung der zus\u00e4tzlichen Inhalte verwendet werden.<\/p>\n<p>Die personenbezogenen Daten werden f\u00fcr die Dauer der Registrierung und danach gespeichert und anschlie\u00dfend gel\u00f6scht. Die weitere Speicherung nach Beendigung der Registrierung hat den Zweck, bei etwaigen Rechtsverst\u00f6\u00dfen den Verantwortlichen identifizieren zu k\u00f6nnen. Sie liegt daher gem\u00e4\u00df Art 6 Abs 1 lit f DSGVO im \u00fcberwiegenden Interesse des Betreibers.<\/p>\n<p>N\u00e4here Informationen zu den zus\u00e4tzlichen Inhalten erhalten Sie w\u00e4hrend des Registrierungsvorgangs.<\/p>\n<h2>6. Gewinnspiel<\/h2>\n<p>Bei einer Teilnahme am auf TVB Pitztal Diensten angebotenen Gewinnspielen werden personenbezogene Daten (Name und Anschrift) erhoben.\u00a0 Durch Ihre Teilnahme am Gewinnspiel erteilen Sie gem\u00e4\u00df Art 6 Abs 1 lit a DSGVO Ihre schl\u00fcssige Einwilligung, dass Ihre eingegebenen personenbezogenen Daten vom Betreiber gespeichert und f\u00fcr die Durchf\u00fchrung des Gewinnspiels, insbesondere f\u00fcr die Zuordnung der Teilnahmeantr\u00e4ge zu den jeweiligen Teilnehmern sowie f\u00fcr die Ermittlung und Benachrichtigung der Gewinner verwendet werden.<\/p>\n<p>Sie werden f\u00fcr die Dauer des Gewinnspiels und \u2013 zur Bearbeitung allf\u00e4lliger Gewinn- und Schadenersatzanspr\u00fcche gespeichert und anschlie\u00dfend gel\u00f6scht.<\/p>\n<p>Durch Ihre Teilnahme erkl\u00e4rt Sie sich damit einverstanden, dass Ihr Name im Falle des Gewinns auf TVB Pitztal Diensten sowie auf Facebook, Facebook Inc., 1601 S. California Ave, Palo Alto, CA 94304, USA, ver\u00f6ffentlicht wird.<\/p>\n<h2>7. Analyse der TVB Pitztal Dienste<\/h2>\n<p>Wir verwenden zur Verbesserung und Optimierung der TVB Pitztal Dienste Google Analytics, einen Webanalysedienst der Google Inc. (im Folgenden \u201eGoogle&#8220;). Google Analytics verwendet sogenannte \u201eCookies&#8220;, Textdateien, die auf den Computern der User gespeichert werden und die eine Analyse der Benutzung der TVB Pitztal Dienste durch den User erm\u00f6glichen. Die durch den Cookie erzeugten Informationen \u00fcber die Benutzung der TVB Pitztal Dienste werden in der Regel an einen Server von Google in den USA \u00fcbertragen und dort gespeichert.<\/p>\n<p>Wir nutzen die Funktion \u201eAktivierung der IP-Anonymisierung\u201c auf TVB Pitztal Diensten. Dadurch wird Ihre IP-Adresse von Google jedoch innerhalb von Mitgliedsstaaten der Europ\u00e4ischen Union oder in anderen Vertragsstaaten des Abkommens \u00fcber den Europ\u00e4ischen Wirtschaftsraum zuvor gek\u00fcrzt. Nur in Ausnahmef\u00e4llen wird die volle IP-Adresse an einen Server von Google in den USA \u00fcbertragen und dort gek\u00fcrzt. Im Auftrag des Betreibers der TVB Pitztal Dienste wird Google diese Information benutzen, um Ihre Nutzung der TVB Pitztal Dienste auszuwerten, um Reports \u00fcber die Websiteaktivit\u00e4ten zusammenstellen und um weitere mit der Websitenutzung und der Internetnutzung verbundene Dienstleistungen gegen\u00fcber dem Websitebetreiber zu erbringen. Die im Rahmen von Google Analytics von Ihrem Browser \u00fcbermittelte IP-Adresse wird nicht mit anderer Daten von Google zusammengef\u00fchrt.<\/p>\n<p>Durch die Nutzung der TVB Pitztal Dienste erkl\u00e4ren Sie sich mit der Verwendung der \u00fcber Sie erhobenen Daten in der zuvor beschriebenen Art und Weise und zu dem zuvor benannten Zweck einverstanden. Sie k\u00f6nnen die Speicherung der Cookies durch eine entsprechende Einstellung Ihrer Browser-Software verhindern; wir weisen Sie jedoch darauf hin, dass Sie in diesem Fall gegebenenfalls nicht s\u00e4mtliche Funktionen der TVB Pitztal Dienste vollumf\u00e4nglich nutzen k\u00f6nnen. Sie k\u00f6nnen dar\u00fcber hinaus die Erfassung der durch den Cookies erzeugten und auf Ihre Nutzung der TVB Pitztal Dienste bezogenen Daten (inkl. Ihrer IP-Adresse) an Google sowie die Verarbeitung dieser Daten durch Google verhindern, indem Sie das unter den folgenden Link verf\u00fcgbaren Browser-Plugin herunterladen und installieren: <a href=\"https:\/\/tools.google.com\/dlpage\/gaoptout?hl=de\" target=\"_blank\" rel=\"noopener\">https:\/\/tools.google.com\/dlpage\/gaoptout?hl=de<\/a><\/p>\n<p>Mehr Informationen zum Umgang mit Nutzerdaten bei Google Analytics finden Sie in der Datenschutzerkl\u00e4rung von Google: <a href=\"https:\/\/support.google.com\/analytics\/answer\/6004245?hl=de\" target=\"_blank\" rel=\"noopener\">https:\/\/support.google.com\/analytics\/answer\/6004245?hl=de<\/a><\/p>\n<h2>8. Google Remarketing<\/h2>\n<p>Die TVB Pitztal Dienste verwenden Google Remarketing. Google Remarketing ist ein Werbedienst von Google, mit dem vorherige Besucher der Website zielgerichtet beworben werden k\u00f6nnen.<\/p>\n<p>Drittanbieter, einschlie\u00dflich Google, schalten Anzeigen auf vielen verschiedenen Websites im Internet. Dazu werden Cookies auf dem Endger\u00e4t des Nutzers gespeichert und beim sp\u00e4teren Besuch einer anderen Website zum Schalten von Anzeigen auf der Grundlage vorheriger Besuche eines Nutzers auf TVB Pitztal Diensten verwendet. Die Identifikation der Nutzer erfolgt dabei \u00fcber im Webbrowser gesetzte Cookies. Mit Hilfe der Cookies kann das Nutzerverhalten beim Besuch der Website analysiert und anschlie\u00dfend f\u00fcr gezielte Produktempfehlungen und interessenbasierte Werbung genutzt werden.<\/p>\n<p>Wenn Sie keine interessenbasierte Werbung erhalten m\u00f6chten, k\u00f6nnen Sie mit dem Anzeigevorgaben-Manager die Verwendung von Cookies durch Google f\u00fcr diese Zwecke deaktivieren und Anzeigen im Google Display-Netzwerk anpassen, indem Sie die <a href=\"https:\/\/adssettings.google.de\/anonymous?hl=de\" target=\"_blank\" rel=\"noopener\">Deaktivierungsseite f\u00fcr DoubleClick<\/a> aufrufen. Alternativ k\u00f6nnen Sie die Verwendung von Cookies durch Drittanbieter deaktivieren, indem Sie die <a href=\"http:\/\/optout.networkadvertising.org\/#!\/\" target=\"_blank\" rel=\"noopener\">Deaktivierungsseite der Netzwerkwerbeinitiative<\/a> aufrufen oder in den Browsereinstellungen die Verwendung von Cookies deaktivieren.<\/p>\n<p>N\u00e4here Informationen unter <a href=\"https:\/\/support.google.com\/adwords\/answer\/2453998?hl=de\" target=\"_blank\" rel=\"noopener\">https:\/\/support.google.com\/adwords\/answer\/2453998?hl=de<\/a>.<\/p>\n<h2>9. Facebook Custom Audiences<\/h2>\n<p>Die TVB Pitztal Dienste verwenden Facebook Custom Audiences. Facebook Custom Audiences ist ein Werbedienst der Facebook Inc., 1601 S California Ave, Palo Alto, CA, 94304, USA, mit denen vorherige Besucher der Website zielgerichtet beworben werden k\u00f6nnen.<\/p>\n<p>Facebook verwendet Cookies zum Schalten von Anzeigen auf der Grundlage vorheriger Besuche eines Nutzers auf TVB Pitztal Diensten. Die Identifikation der Nutzer erfolgt dabei \u00fcber im Webbrowser gesetzte Cookies, die f\u00fcr eine Dauer von 90 Tagen dort gespeichert werden.<\/p>\n<p>Mit Hilfe der Cookies kann das Nutzerverhalten beim Besuch der TVB Pitztal Dienste analysiert und anschlie\u00dfend f\u00fcr gezielte Produktempfehlungen und interessenbasierte Werbung genutzt werden.<\/p>\n<p>Wenn Sie keine interessenbasierte Werbung auf Facebook erhalten m\u00f6chten, k\u00f6nnen Sie sich hier davon abmelden (nur auf Englisch): <a href=\"https:\/\/www.facebook.com\/settings\/?tab=ads\" target=\"_blank\" rel=\"noopener\">https:\/\/www.facebook.com\/settings\/?tab=ads<\/a><\/p>\n<h2>10. Social Plugins<\/h2>\n<p><strong>10.1 Welche social Plugins werden verwendet?<\/strong><\/p>\n<p>Wir verwenden auf den TVB Pitztal Diensten Social Plugins (z.B. Share, Like-Buttons) der folgenden sozialen Netzwerke:<\/p>\n<ul>\n<li>facebook.com, betrieben von Facebook Inc., 1601 S. California Ave, Palo Alto, CA 94304, USA, n\u00e4here Informationen unter <a href=\"https:\/\/de-de.facebook.com\/policy.php\" target=\"_blank\" rel=\"noopener\">https:\/\/de-de.facebook.com\/policy.php<\/a>.<\/li>\n<li>twitter.com, betrieben von Twitter, Inc., 795 Folsom St., Suite 600, San Francisco, CA 94107, USA, n\u00e4here Informationen unter <a href=\"https:\/\/twitter.com\/privacy?lang=de\" target=\"_blank\" rel=\"noopener\">https:\/\/twitter.com\/privacy?lang=de<\/a>.<\/li>\n<li>instagram.com, betrieben von Instagram Inc., 1601 Willow Road, Menlo Park, CA 94025, USA, n\u00e4here Informationen unter <a href=\"https:\/\/help.instagram.com\/155833707900388\" target=\"_blank\" rel=\"noopener\">https:\/\/help.instagram.com\/155833707900388<\/a>.<\/li>\n<li>google+, betrieben von Google Inc., 1600 Amphitheatre Parkway, Mountain View, CA 94043, USA, n\u00e4here Informationen unter <a href=\"http:\/\/www.google.com\/intl\/de_ALL\/policies\/terms\" target=\"_blank\" rel=\"noopener\">http:\/\/www.google.com\/intl\/de_ALL\/policies\/terms<\/a>.<\/li>\n<li>pintertest.com, betrieben von Pinterest Inc., 635 High Street, Palo Alto, CA, 94301, USA, n\u00e4here Informationen unter <a href=\"https:\/\/policy.pinterest.com\/de\/privacy-policy\" target=\"_blank\" rel=\"noopener\">https:\/\/policy.pinterest.com\/de\/privacy-policy<\/a>.<\/li>\n<li>youtube.com, betrieben von YouTube, LLC, 901 Cherry Ave., San Bruno, CA 94066, USA, n\u00e4here Informationen unter <a href=\"https:\/\/www.google.de\/intl\/de\/policies\/privacy\" target=\"_blank\" rel=\"noopener\">https:\/\/www.google.de\/intl\/de\/policies\/privacy<\/a>.<\/li>\n<\/ul>\n<p>Diese Plugins sind jeweils mit dem Logo des entsprechenden sozialen Netzwerks gekennzeichnet.<\/p>\n<p><strong>10.2 Datentransfer durch Social Plugins<\/strong><\/p>\n<p>Wenn Sie unsere Seiten besuchen, wird \u00fcber das Plugin eine direkte Verbindung zwischen Ihrem Browser und dem Server des sozialen Netzwerks aufgebaut, dadurch erhalten diese die Information, dass Sie mit Ihrer IP-Adresse unsere TVB Pitztal Dienste besucht haben. M\u00f6glicherweise k\u00f6nnen soziale Netzwerke auch \u00fcber das Plugin erkennen, dass sie Sich auf TVB Pitztal Diensten befinden, ohne dass das Plugin angeklickt wird. Durch die Einbindung der Plugins erh\u00e4lt der Betreiber des sozialen Netzwerks die Information, dass Sie die entsprechende Site der TVB Pitztal Dienste aufgerufen haben. Wenn Sie mit Social Plugins interagieren, wird die entsprechende Information von Ihrem Browser direkt an den Betreiber des sozialen Netzwerks \u00fcbermittelt und dort gespeichert.<\/p>\n<p>Weitere Informationen hierzu finden Sie in den jeweiligen Datenschutzerkl\u00e4rungen, der sozialen Netzwerke.<\/p>\n<h2>11. Widerspruch Werbe-Mails<\/h2>\n<p>Der Nutzung von im Rahmen der Impressumspflicht ver\u00f6ffentlichten Kontaktdaten zur \u00dcbersendung von nicht ausdr\u00fccklich angeforderter Werbung und Informationsmaterialien wird hiermit widersprochen. Die Betreiber der Seiten behalten sich ausdr\u00fccklich rechtliche Schritte im Falle der unverlangten Zusendung von Werbeinformationen, etwa durch Spam-E-Mails, vor.<\/p>\n<h2>12. SSL-Verschl\u00fcsselung<\/h2>\n<p>Die TVB Pitztal Dienste nutzen aus Gr\u00fcnden der Sicherheit und zum Schutz der \u00dcbertragung vertraulicher Inhalte, wie zum Beispiel der Anfragen, die Sie an uns als Seitenbetreiber senden, eine SSL-Verschl\u00fcsselung. Eine verschl\u00fcsselte Verbindung erkennen Sie daran, dass die Adresszeile des Browsers von \u201ehttp:\/\/\u201c auf \u201ehttps:\/\/\u201c wechselt und an dem Schloss-Symbol in Ihrer Browserzeile. Wenn die SSL Verschl\u00fcsselung aktiviert ist, k\u00f6nnen die Daten, die Sie an uns \u00fcbermitteln, nicht von Dritten mitgelesen werden.<\/p>\n<h2>13. Auskunftserteilung<\/h2>\n<p>Sie haben jederzeit das Recht auf unentgeltliche Ausk\u00fcnfte \u00fcber Ihre gespeicherten personenbezogenen Daten, deren Herkunft und Empf\u00e4nger und den Zweck der Datenverarbeitung sowie ein Recht auf Berichtigung, Sperrung oder L\u00f6schung dieser Daten. Hierzu sowie zu weiteren Fragen zum Thema personenbezogene Daten k\u00f6nnen Sie sich jederzeit an uns wenden.<\/p>\n<p>Bitte wenden Sie sich zur Auskunftserteilung an:<\/p>\n<p>Tourismusverband Pitztal<br \/>\nUnterdorf 18<br \/>\nA 6473 Wenns im Pitztal, Tirol<br \/>\nTel: +43 (0) 5414 86 999<br \/>\nFax: +43 (0) 5414 86 999-88<br \/>\nE-Mail: <a href=\"mailto:datenschutz@pitztal.com\">datenschutz@pitztal.com<\/a><\/p>\n<p>Schlie\u00dflich haben Sie ein Recht auf Beschwerde bei der \u00f6sterreichischen Datenschutzbeh\u00f6rde (Hohenstaufengasse 3, 1010 Wien, <a href=\"mailto:dsb@dsb.gv.at\">dsb@dsb.gv.at<\/a>, <a href=\"http:\/\/www.dsb.gv.at\" target=\"_blank\" rel=\"noopener\">www.dsb.gv.at<\/a>).<\/p>\n","protected":false},"excerpt":{"rendered":"<p>Datenschutzerklaerung fuer Dienste des Tourismusverbands Pitztal Der Tourismusverband Pitztal betreibt mehrere \u00fcber das Internet erreichbare Dienste (im Folgenden TVB Pitztal Dienste) wie zum Beispiel pitztal.com (www.pitztal.com), Pitztal Blog (https:\/\/blog.pitztal.com), Pitz Alpine Glacier Trail (www.pitz-alpine.at),&hellip;<\/p>\n","protected":false},"author":1,"featured_media":0,"parent":0,"menu_order":0,"comment_status":"closed","ping_status":"closed","template":"","meta":{"footnotes":""},"class_list":["post-3275","page","type-page","status-publish","hentry"],"_links":{"self":[{"href":"https:\/\/www.pitztal-wildface.com\/index.php?rest_route=\/wp\/v2\/pages\/3275","targetHints":{"allow":["GET"]}}],"collection":[{"href":"https:\/\/www.pitztal-wildface.com\/index.php?rest_route=\/wp\/v2\/pages"}],"about":[{"href":"https:\/\/www.pitztal-wildface.com\/index.php?rest_route=\/wp\/v2\/types\/page"}],"author":[{"embeddable":true,"href":"https:\/\/www.pitztal-wildface.com\/index.php?rest_route=\/wp\/v2\/users\/1"}],"replies":[{"embeddable":true,"href":"https:\/\/www.pitztal-wildface.com\/index.php?rest_route=%2Fwp%2Fv2%2Fcomments&post=3275"}],"version-history":[{"count":5,"href":"https:\/\/www.pitztal-wildface.com\/index.php?rest_route=\/wp\/v2\/pages\/3275\/revisions"}],"predecessor-version":[{"id":3731,"href":"https:\/\/www.pitztal-wildface.com\/index.php?rest_route=\/wp\/v2\/pages\/3275\/revisions\/3731"}],"wp:attachment":[{"href":"https:\/\/www.pitztal-wildface.com\/index.php?rest_route=%2Fwp%2Fv2%2Fmedia&parent=3275"}],"curies":[{"name":"wp","href":"https:\/\/api.w.org\/{rel}","templated":true}]}}