{"id":2240,"date":"2014-02-25T10:56:34","date_gmt":"2014-02-25T10:56:34","guid":{"rendered":"http:\/\/www.pitztal-wildface.com\/?page_id=2240"},"modified":"2026-03-12T15:51:33","modified_gmt":"2026-03-12T15:51:33","slug":"neu-live-stream","status":"publish","type":"page","link":"https:\/\/www.pitztal-wildface.com\/?page_id=2240","title":{"rendered":"Videos"},"content":{"rendered":"<div class=\"wpb-content-wrapper\"><p>[vc_row full_width=&#8220;stretch_row&#8220; full_height=&#8220;yes&#8220; content_placement=&#8220;middle&#8220; parallax=&#8220;content-moving-fade&#8220; parallax_image=&#8220;2649&#8243; css=&#8220;.vc_custom_1532334138884{background-color: #000000 !important;}&#8220;][vc_column el_id=&#8220;slider-content&#8220;]<div class=\"section-title headings  text-center\"><h1>Videos<\/h1><\/div>[\/vc_column][\/vc_row][vc_row css=&#8220;.vc_custom_1532352894537{padding-top: 8rem !important;padding-bottom: 8rem !important;}&#8220;][vc_column][vc_video link=&#8220;https:\/\/youtu.be\/zp3KfYJPvm8?si=GyB9WVfeYIKiPqXd&#8220; align=&#8220;center&#8220; css=&#8220;&#8220; title=&#8220;Pitztal Wild Face 2026 \u2013 Official Highlights&#8220;][vc_row_inner][vc_column_inner width=&#8220;1\/2&#8243; css=&#8220;.vc_custom_1532352487783{padding-bottom: 4rem !important;}&#8220;][vc_video link=&#8220;https:\/\/youtu.be\/ORsudZj3-BM?si=bruoi63Mc9gwzJIR&#8220; align=&#8220;center&#8220; css=&#8220;&#8220;][vc_column_text css=&#8220;&#8220;]Das Pitztal Wild Face ist ein Freeriderennen auf Zeit, das nicht nach der gefahrenen Linie bewertet wird, wie es bei Freeride World Qualifier Veranstaltungen sonst \u00fcblich ist.[\/vc_column_text][\/vc_column_inner][vc_column_inner width=&#8220;1\/2&#8243; css=&#8220;.vc_custom_1532352498726{padding-bottom: 4rem !important;}&#8220;][vc_video link=&#8220;https:\/\/youtu.be\/stNjaQD0JjU?si=xqSoLUT9AJfQp0w8&#8243; align=&#8220;center&#8220; css=&#8220;&#8220;][vc_column_text css=&#8220;&#8220;]Bei der 15. Ausgabe des Pitztal Wild Face vom 01. &#8211; 03.M\u00e4rz 2024 war der seit langem wieder der Mittagskogel Linke Fernerkogel (3.159m) mit 1.510 Meter H\u00f6henunterschied und 4,6 Kilometer L\u00e4nge Schauplatz der wilden Action am Samstag, den 02.. M\u00e4rz.[\/vc_column_text][\/vc_column_inner][vc_column_inner width=&#8220;1\/2&#8243; css=&#8220;.vc_custom_1532352487783{padding-bottom: 4rem !important;}&#8220;][vc_video link=&#8220;https:\/\/youtu.be\/ZkB9myU0nTc?si=GN9Qr4Hb1aIRanZr&#8220; align=&#8220;center&#8220; css=&#8220;&#8220;][vc_column_text css=&#8220;&#8220;]Beim Pitztal Wild Face 2022 war der Linke Fernerkogel (3.278m) mit 828 Meter H\u00f6henunterschied und 2,5 Kilometer L\u00e4nge Ausweichstrecke und Schauplatz der wilden Action am Samstag, den 19. M\u00e4rz.[\/vc_column_text][\/vc_column_inner][vc_column_inner width=&#8220;1\/2&#8243; css=&#8220;.vc_custom_1532352451216{padding-bottom: 4rem !important;}&#8220;][vc_video link=&#8220;https:\/\/youtu.be\/2xn484z8x2Q?si=vlRuy3mSk8hMR3VE&#8220; align=&#8220;center&#8220; css=&#8220;&#8220;][vc_column_text css=&#8220;&#8220;]Pitztal Wild Face 2021[\/vc_column_text][\/vc_column_inner][vc_column_inner width=&#8220;1\/2&#8243; css=&#8220;.vc_custom_1532352464880{padding-bottom: 4rem !important;}&#8220;][vc_video link=&#8220;https:\/\/youtu.be\/Wsm5OCmlESQ?si=MWYqFmSa4UtIx83x&#8220; align=&#8220;center&#8220; css=&#8220;&#8220;][vc_column_text css=&#8220;&#8220;]10 Jahre Pitztal Wild Face &#8211; \u201eCan your legs stand it?\u201c lautete wieder mal die Frage bei der Jubil\u00e4umsausgabe des 10. Pitztal Wild Face Freeride Extreme am Sonntag, den 17. M\u00e4rz 2019.[\/vc_column_text][\/vc_column_inner][vc_column_inner width=&#8220;1\/2&#8243; css=&#8220;.vc_custom_1532352683306{padding-bottom: 1rem !important;}&#8220;][vc_video link=&#8220;https:\/\/youtu.be\/88wkc3RsBB8?si=ESRn1g1pZKVGV6uJ&#8220; align=&#8220;center&#8220; css=&#8220;&#8220;][vc_column_text css=&#8220;&#8220;]Das 9. Pitztal Wild Face ging nach 2 Jahren wieder \u00fcber die frei w\u00e4hlbare Originalstrecke des legend\u00e4ren Mittagskogels (3.162 m) am Samstag, den 10. M\u00e4rz 2018.[\/vc_column_text][\/vc_column_inner][vc_column_inner][\/vc_column_inner][vc_column_inner][\/vc_column_inner][\/vc_row_inner]<div class=\"text-center\"><a class=\"btn btn-danger\" href=\"https:\/\/www.youtube.com\/channel\/UCGUjvtUbCDSWFwKRJsFRJ-w\/videos\" target=\"_blank\">Mehr Videos<\/a><\/div>[\/vc_column][\/vc_row]<\/p>\n<\/div>","protected":false},"excerpt":{"rendered":"<p>[vc_row full_width=&#8220;stretch_row&#8220; full_height=&#8220;yes&#8220; content_placement=&#8220;middle&#8220; parallax=&#8220;content-moving-fade&#8220; parallax_image=&#8220;2649&#8243; css=&#8220;.vc_custom_1532334138884{background-color: #000000 !important;}&#8220;][vc_column el_id=&#8220;slider-content&#8220;][\/vc_column][\/vc_row][vc_row css=&#8220;.vc_custom_1532352894537{padding-top: 8rem !important;padding-bottom: 8rem !important;}&#8220;][vc_column][vc_video link=&#8220;https:\/\/youtu.be\/zp3KfYJPvm8?si=GyB9WVfeYIKiPqXd&#8220; align=&#8220;center&#8220; css=&#8220;&#8220; title=&#8220;Pitztal Wild Face 2026 \u2013 Official Highlights&#8220;][vc_row_inner][vc_column_inner width=&#8220;1\/2&#8243; css=&#8220;.vc_custom_1532352487783{padding-bottom: 4rem !important;}&#8220;][vc_video link=&#8220;https:\/\/youtu.be\/ORsudZj3-BM?si=bruoi63Mc9gwzJIR&#8220; align=&#8220;center&#8220; css=&#8220;&#8220;][vc_column_text css=&#8220;&#8220;]Das Pitztal&hellip;<\/p>\n","protected":false},"author":1,"featured_media":0,"parent":0,"menu_order":0,"comment_status":"closed","ping_status":"closed","template":"","meta":{"footnotes":""},"class_list":["post-2240","page","type-page","status-publish","hentry"],"_links":{"self":[{"href":"https:\/\/www.pitztal-wildface.com\/index.php?rest_route=\/wp\/v2\/pages\/2240","targetHints":{"allow":["GET"]}}],"collection":[{"href":"https:\/\/www.pitztal-wildface.com\/index.php?rest_route=\/wp\/v2\/pages"}],"about":[{"href":"https:\/\/www.pitztal-wildface.com\/index.php?rest_route=\/wp\/v2\/types\/page"}],"author":[{"embeddable":true,"href":"https:\/\/www.pitztal-wildface.com\/index.php?rest_route=\/wp\/v2\/users\/1"}],"replies":[{"embeddable":true,"href":"https:\/\/www.pitztal-wildface.com\/index.php?rest_route=%2Fwp%2Fv2%2Fcomments&post=2240"}],"version-history":[{"count":86,"href":"https:\/\/www.pitztal-wildface.com\/index.php?rest_route=\/wp\/v2\/pages\/2240\/revisions"}],"predecessor-version":[{"id":4651,"href":"https:\/\/www.pitztal-wildface.com\/index.php?rest_route=\/wp\/v2\/pages\/2240\/revisions\/4651"}],"wp:attachment":[{"href":"https:\/\/www.pitztal-wildface.com\/index.php?rest_route=%2Fwp%2Fv2%2Fmedia&parent=2240"}],"curies":[{"name":"wp","href":"https:\/\/api.w.org\/{rel}","templated":true}]}}